{"id":69,"date":"2026-01-19T10:56:14","date_gmt":"2026-01-19T09:56:14","guid":{"rendered":"http:\/\/tierkommunikation-nicole.at\/?page_id=69"},"modified":"2026-04-12T11:00:26","modified_gmt":"2026-04-12T09:00:26","slug":"ueber-mich","status":"publish","type":"page","link":"https:\/\/tierkommunikation-nicole.at\/index.php\/ueber-mich\/","title":{"rendered":"\u00fcber mich"},"content":{"rendered":"\n<p>Schon seit meiner Kindheit \u00fcben Tiere eine ganz besondere Anziehungskraft auf mich aus. Als kleines M\u00e4dchen war f\u00fcr mich klar: Ich m\u00f6chte Tier\u00e4rztin werden. Auch wenn mich mein beruflicher Weg sp\u00e4ter in eine andere Richtung gef\u00fchrt hat, ist meine tiefe Verbindung zu Tieren immer geblieben.<\/p>\n\n\n\n<p>Mich fasziniert vor allem ihre Ausstrahlung \u2013 ihre Ehrlichkeit, ihre Sensibilit\u00e4t und die stille Art, mit uns zu kommunizieren.<\/p>\n\n\n\n<p>Vor einigen Jahren haben wir uns entschieden, einen Tierschutzhund in unsere Familie aufzunehmen. Damals konnten wir noch nicht erahnen, welches emotionale P\u00e4ckchen er mit sich tr\u00e4gt. Mit der Zeit wurde jedoch immer deutlicher, dass wir mit Training und liebevoller Erziehung allein nicht weiterkommen w\u00fcrden. Tief in mir wusste ich, dass hinter seinem Verhalten mehr steckt.<\/p>\n\n\n\n<p>So bin ich zur Tierkommunikation gekommen.<\/p>\n\n\n\n<p>Diese erste Erfahrung war f\u00fcr mich unglaublich ber\u00fchrend und hat etwas in mir ge\u00f6ffnet. Mein Interesse war geweckt \u2013 und mein Herz hat mir den Weg gezeigt. Ich habe mich entschieden, eine Ausbildung in Tierkommunikation und Tierenergetik zu machen, und sehr schnell wurde mir klar: Das ist meine Herzensarbeit.<\/p>\n\n\n\n<p>Heute erf\u00fcllt es mich mit tiefer Freude, Tiere dabei zu unterst\u00fctzen, von ihren Menschen besser verstanden zu werden. Jedes Gespr\u00e4ch ist einzigartig, tiefgehend und getragen von gro\u00dfem Vertrauen \u2013 sowohl vom Tier als auch vom Menschen.<\/p>\n\n\n\n<p>Mit jeder Begegnung w\u00e4chst meine Dankbarkeit, diesen Weg gehen zu d\u00fcrfen.<\/p>\n\n\n\n<p>Es ist mir eine gro\u00dfe Ehre, Mensch und Tier ein St\u00fcck auf ihrem gemeinsamen Weg begleiten zu d\u00fcrfen.<\/p>\n","protected":false},"excerpt":{"rendered":"<p>Schon seit meiner Kindheit \u00fcben Tiere eine ganz besondere Anziehungskraft auf mich aus. Als kleines M\u00e4dchen war f\u00fcr mich klar: Ich m\u00f6chte Tier\u00e4rztin werden. Auch wenn mich mein beruflicher Weg sp\u00e4ter in eine andere Richtung gef\u00fchrt hat, ist meine tiefe Verbindung zu Tieren immer geblieben. Mich fasziniert vor allem ihre Ausstrahlung \u2013 ihre Ehrlichkeit, ihre [&hellip;]<\/p>\n","protected":false},"author":1,"featured_media":0,"parent":0,"menu_order":0,"comment_status":"closed","ping_status":"closed","template":"","meta":{"footnotes":""},"class_list":["post-69","page","type-page","status-publish","hentry"],"_links":{"self":[{"href":"https:\/\/tierkommunikation-nicole.at\/index.php\/wp-json\/wp\/v2\/pages\/69","targetHints":{"allow":["GET"]}}],"collection":[{"href":"https:\/\/tierkommunikation-nicole.at\/index.php\/wp-json\/wp\/v2\/pages"}],"about":[{"href":"https:\/\/tierkommunikation-nicole.at\/index.php\/wp-json\/wp\/v2\/types\/page"}],"author":[{"embeddable":true,"href":"https:\/\/tierkommunikation-nicole.at\/index.php\/wp-json\/wp\/v2\/users\/1"}],"replies":[{"embeddable":true,"href":"https:\/\/tierkommunikation-nicole.at\/index.php\/wp-json\/wp\/v2\/comments?post=69"}],"version-history":[{"count":2,"href":"https:\/\/tierkommunikation-nicole.at\/index.php\/wp-json\/wp\/v2\/pages\/69\/revisions"}],"predecessor-version":[{"id":147,"href":"https:\/\/tierkommunikation-nicole.at\/index.php\/wp-json\/wp\/v2\/pages\/69\/revisions\/147"}],"wp:attachment":[{"href":"https:\/\/tierkommunikation-nicole.at\/index.php\/wp-json\/wp\/v2\/media?parent=69"}],"curies":[{"name":"wp","href":"https:\/\/api.w.org\/{rel}","templated":true}]}}